{"id":133271,"date":"2026-02-13T11:13:52","date_gmt":"2026-02-13T10:13:52","guid":{"rendered":"https:\/\/localhost\/?post_type=product&#038;p=133271"},"modified":"2026-02-13T11:13:52","modified_gmt":"2026-02-13T10:13:52","slug":"tuta-champion-vii-joma-103083-552","status":"publish","type":"product","link":"https:\/\/juxtare.store\/it\/prodotto\/tuta-champion-vii-joma-103083-552\/","title":{"rendered":"Tuta champion vii  joma 103083.552"},"content":{"rendered":"<p>Tuta da uomo\/ragazzo. composta da felpa con cerniera e pantaloni lunghi. questa tuta pu\u00f2 essere utilizzata sia prima che dopo l&#039;allenamento, cos\u00ec come per gli allenamenti di calcio o futsal. \u00c8 anche molto comoda da indossare quotidianamente. rimani al caldo nelle giornate fredde grazie al suo caldo tessuto interno mentre ti muovi liberamente.<\/p>\n","protected":false},"excerpt":{"rendered":"<p>Tuta da uomo\/ragazzo. composta da felpa con cerniera e pantaloni lunghi. questa tuta pu\u00f2 essere utilizzata sia prima che dopo l&#039;allenamento, cos\u00ec come per gli allenamenti di calcio o futsal. \u00c8 anche molto comoda da indossare quotidianamente. rimani al caldo nelle giornate fredde grazie al suo caldo tessuto interno mentre ti muovi liberamente.<\/p>\n","protected":false},"featured_media":133269,"comment_status":"open","ping_status":"closed","template":"","meta":[],"product_brand":[],"product_cat":[106,152],"product_tag":[],"class_list":{"0":"post-133271","1":"product","2":"type-product","3":"status-publish","4":"has-post-thumbnail","6":"product_cat-mens","7":"product_cat-mens-tracksuits","10":"first","11":"instock","12":"shipping-taxable","13":"purchasable","14":"product-type-variable"},"_links":{"self":[{"href":"https:\/\/juxtare.store\/it\/wp-json\/wp\/v2\/product\/133271","targetHints":{"allow":["GET"]}}],"collection":[{"href":"https:\/\/juxtare.store\/it\/wp-json\/wp\/v2\/product"}],"about":[{"href":"https:\/\/juxtare.store\/it\/wp-json\/wp\/v2\/types\/product"}],"replies":[{"embeddable":true,"href":"https:\/\/juxtare.store\/it\/wp-json\/wp\/v2\/comments?post=133271"}],"wp:featuredmedia":[{"embeddable":true,"href":"https:\/\/juxtare.store\/it\/wp-json\/wp\/v2\/media\/133269"}],"wp:attachment":[{"href":"https:\/\/juxtare.store\/it\/wp-json\/wp\/v2\/media?parent=133271"}],"wp:term":[{"taxonomy":"product_brand","embeddable":true,"href":"https:\/\/juxtare.store\/it\/wp-json\/wp\/v2\/product_brand?post=133271"},{"taxonomy":"product_cat","embeddable":true,"href":"https:\/\/juxtare.store\/it\/wp-json\/wp\/v2\/product_cat?post=133271"},{"taxonomy":"product_tag","embeddable":true,"href":"https:\/\/juxtare.store\/it\/wp-json\/wp\/v2\/product_tag?post=133271"}],"curies":[{"name":"wp","href":"https:\/\/api.w.org\/{rel}","templated":true}]}}