{"id":128772,"date":"2026-01-29T06:26:11","date_gmt":"2026-01-29T05:26:11","guid":{"rendered":"https:\/\/localhost\/?post_type=product&#038;p=128772"},"modified":"2026-04-02T07:25:17","modified_gmt":"2026-04-02T05:25:17","slug":"maglia-da-calcio-nike-academy-fz9770-100","status":"publish","type":"product","link":"https:\/\/juxtare.store\/it\/prodotto\/maglia-da-calcio-nike-academy-fz9770-100\/","title":{"rendered":"Maglia da calcio nike academy fz9770-100"},"content":{"rendered":"<p>Questa maglia da calcio a manica lunga \u00e8 realizzata in un tessuto traspirante con inserti laterali in mesh che mantengono la pelle asciutta e donano un comfort ideale in campo e nel tempo libero. la struttura del pannello laterale utilizza un motivo che riduce lo spreco di materiale in modo pi\u00f9 efficiente.dettagli del prodottola zip consente di regolare la circolazione dell&#8217;aria.all&#8217;estremit\u00e0 dell&#8217;apertura della manica \u00e8 presente un occhiello per il pollice.100% polyester<\/p>\n","protected":false},"excerpt":{"rendered":"<p>Questa maglia da calcio a manica lunga \u00e8 realizzata in un tessuto traspirante con inserti laterali in mesh che mantengono la pelle asciutta e donano un comfort ideale in campo e nel tempo libero. la struttura del pannello laterale utilizza un motivo che riduce lo spreco di materiale in modo pi\u00f9 efficiente.dettagli del prodottola zip consente di regolare la circolazione dell&#8217;aria.all&#8217;estremit\u00e0 dell&#8217;apertura della manica \u00e8 presente un occhiello per il pollice.100% polyester<\/p>\n","protected":false},"featured_media":128770,"comment_status":"open","ping_status":"closed","template":"","meta":[],"product_brand":[],"product_cat":[78,191],"product_tag":[],"class_list":{"0":"post-128772","1":"product","2":"type-product","3":"status-publish","4":"has-post-thumbnail","6":"product_cat-sport","7":"product_cat-technical-jerseys","10":"first","11":"instock","12":"shipping-taxable","13":"purchasable","14":"product-type-variable"},"_links":{"self":[{"href":"https:\/\/juxtare.store\/it\/wp-json\/wp\/v2\/product\/128772","targetHints":{"allow":["GET"]}}],"collection":[{"href":"https:\/\/juxtare.store\/it\/wp-json\/wp\/v2\/product"}],"about":[{"href":"https:\/\/juxtare.store\/it\/wp-json\/wp\/v2\/types\/product"}],"replies":[{"embeddable":true,"href":"https:\/\/juxtare.store\/it\/wp-json\/wp\/v2\/comments?post=128772"}],"wp:featuredmedia":[{"embeddable":true,"href":"https:\/\/juxtare.store\/it\/wp-json\/wp\/v2\/media\/128770"}],"wp:attachment":[{"href":"https:\/\/juxtare.store\/it\/wp-json\/wp\/v2\/media?parent=128772"}],"wp:term":[{"taxonomy":"product_brand","embeddable":true,"href":"https:\/\/juxtare.store\/it\/wp-json\/wp\/v2\/product_brand?post=128772"},{"taxonomy":"product_cat","embeddable":true,"href":"https:\/\/juxtare.store\/it\/wp-json\/wp\/v2\/product_cat?post=128772"},{"taxonomy":"product_tag","embeddable":true,"href":"https:\/\/juxtare.store\/it\/wp-json\/wp\/v2\/product_tag?post=128772"}],"curies":[{"name":"wp","href":"https:\/\/api.w.org\/{rel}","templated":true}]}}