{"id":104253,"date":"2026-02-06T12:31:14","date_gmt":"2026-02-06T11:31:14","guid":{"rendered":"https:\/\/localhost\/?post_type=product&#038;p=104253"},"modified":"2026-02-06T12:31:14","modified_gmt":"2026-02-06T11:31:14","slug":"t-shirt-da-calcio-tabela-23-jsy-team-adidas-ia9145","status":"publish","type":"product","link":"https:\/\/juxtare.store\/it\/prodotto\/t-shirt-da-calcio-tabela-23-jsy-team-adidas-ia9145\/","title":{"rendered":"T-shirt da calcio tabela 23 jsy team adidas ia9145"},"content":{"rendered":"<p>Mantenere la semplicit\u00e0! \u00c8 una frase che si sente nel calcio per un motivo, e spesso \u00e8 la chiave del successo. ci siamo attenuti a questa filosofia con questa maglia adidas, che presenta le classiche tre strisce sui lati. il tessuto aeroready traspirante e le maniche in rete vi manterranno asciutti e comodi per tutta la partita. realizzato con materiali riciclati al 100%, questo prodotto \u00e8 solo una delle nostre soluzioni per contribuire a porre fine ai rifiuti di plastica. vestibilit\u00e0 slim<\/p>\n","protected":false},"excerpt":{"rendered":"<p>Mantenere la semplicit\u00e0! \u00c8 una frase che si sente nel calcio per un motivo, e spesso \u00e8 la chiave del successo. ci siamo attenuti a questa filosofia con questa maglia adidas, che presenta le classiche tre strisce sui lati. il tessuto aeroready traspirante e le maniche in rete vi manterranno asciutti e comodi per tutta la partita. realizzato con materiali riciclati al 100%, questo prodotto \u00e8 solo una delle nostre soluzioni per contribuire a porre fine ai rifiuti di plastica. vestibilit\u00e0 slim<\/p>\n","protected":false},"featured_media":104249,"comment_status":"open","ping_status":"closed","template":"","meta":[],"product_brand":[],"product_cat":[15],"product_tag":[],"class_list":{"0":"post-104253","1":"product","2":"type-product","3":"status-publish","4":"has-post-thumbnail","6":"product_cat-uncategorized","9":"first","10":"instock","11":"shipping-taxable","12":"purchasable","13":"product-type-variable"},"_links":{"self":[{"href":"https:\/\/juxtare.store\/it\/wp-json\/wp\/v2\/product\/104253","targetHints":{"allow":["GET"]}}],"collection":[{"href":"https:\/\/juxtare.store\/it\/wp-json\/wp\/v2\/product"}],"about":[{"href":"https:\/\/juxtare.store\/it\/wp-json\/wp\/v2\/types\/product"}],"replies":[{"embeddable":true,"href":"https:\/\/juxtare.store\/it\/wp-json\/wp\/v2\/comments?post=104253"}],"wp:featuredmedia":[{"embeddable":true,"href":"https:\/\/juxtare.store\/it\/wp-json\/wp\/v2\/media\/104249"}],"wp:attachment":[{"href":"https:\/\/juxtare.store\/it\/wp-json\/wp\/v2\/media?parent=104253"}],"wp:term":[{"taxonomy":"product_brand","embeddable":true,"href":"https:\/\/juxtare.store\/it\/wp-json\/wp\/v2\/product_brand?post=104253"},{"taxonomy":"product_cat","embeddable":true,"href":"https:\/\/juxtare.store\/it\/wp-json\/wp\/v2\/product_cat?post=104253"},{"taxonomy":"product_tag","embeddable":true,"href":"https:\/\/juxtare.store\/it\/wp-json\/wp\/v2\/product_tag?post=104253"}],"curies":[{"name":"wp","href":"https:\/\/api.w.org\/{rel}","templated":true}]}}