{"id":104135,"date":"2026-02-06T12:32:15","date_gmt":"2026-02-06T11:32:15","guid":{"rendered":"https:\/\/localhost\/?post_type=product&#038;p=104135"},"modified":"2026-02-06T12:32:15","modified_gmt":"2026-02-06T11:32:15","slug":"boxer-adidas-set-3-pezzi-4a1m56-0909","status":"publish","type":"product","link":"https:\/\/juxtare.store\/it\/prodotto\/boxer-adidas-set-3-pezzi-4a1m56-0909\/","title":{"rendered":"Boxer adidas set 3 pezzi 4a1m56-0909"},"content":{"rendered":"<p>3 strisce a contrasto e il logo stampato firmano il prodotto di questo marchio adidas . il cotone permette all\u2019umidit\u00e0 di fuoriuscire e ti mantiene asciutto . grazie a questo materiale il tuo prodotto rimarr\u00e0 come nuovo lavaggio dopo lavaggio. questi boxer in cotone ed elastan sono elastici in tutte le direzioni. il suo elastico a vista \u00e8 contrastato da un\u2019altezza di 35mm. dettagli elastico visibile in contrasto 35mmespandibile in tutte le direzionicotone elastanreal cool cotton\u2122 \u00e8 una tecnologia che accelera i tempi di asciugatura allontanando l\u2019umidit\u00e0realaving cotton\u2122 \u00e8 una tecnologia che protegge il tessuto dai lavaggi facendo s\u00ec che il prodotto rimanga nuovo pi\u00f9 a lungo3 strisce a contrasto e logo stampato<\/p>\n","protected":false},"excerpt":{"rendered":"<p>3 strisce a contrasto e il logo stampato firmano il prodotto di questo marchio adidas . il cotone permette all\u2019umidit\u00e0 di fuoriuscire e ti mantiene asciutto . grazie a questo materiale il tuo prodotto rimarr\u00e0 come nuovo lavaggio dopo lavaggio. questi boxer in cotone ed elastan sono elastici in tutte le direzioni. il suo elastico a vista \u00e8 contrastato da un\u2019altezza di 35mm. dettagli elastico visibile in contrasto 35mmespandibile in tutte le direzionicotone elastanreal cool cotton\u2122 \u00e8 una tecnologia che accelera i tempi di asciugatura allontanando l\u2019umidit\u00e0realaving cotton\u2122 \u00e8 una tecnologia che protegge il tessuto dai lavaggi facendo s\u00ec che il prodotto rimanga nuovo pi\u00f9 a lungo3 strisce a contrasto e logo stampato<\/p>\n","protected":false},"featured_media":104133,"comment_status":"open","ping_status":"closed","template":"","meta":[],"product_brand":[],"product_cat":[122,984],"product_tag":[],"class_list":{"0":"post-104135","1":"product","2":"type-product","3":"status-publish","4":"has-post-thumbnail","6":"product_cat-accessories","7":"product_cat-underwear","10":"first","11":"instock","12":"shipping-taxable","13":"purchasable","14":"product-type-variable"},"_links":{"self":[{"href":"https:\/\/juxtare.store\/it\/wp-json\/wp\/v2\/product\/104135","targetHints":{"allow":["GET"]}}],"collection":[{"href":"https:\/\/juxtare.store\/it\/wp-json\/wp\/v2\/product"}],"about":[{"href":"https:\/\/juxtare.store\/it\/wp-json\/wp\/v2\/types\/product"}],"replies":[{"embeddable":true,"href":"https:\/\/juxtare.store\/it\/wp-json\/wp\/v2\/comments?post=104135"}],"wp:featuredmedia":[{"embeddable":true,"href":"https:\/\/juxtare.store\/it\/wp-json\/wp\/v2\/media\/104133"}],"wp:attachment":[{"href":"https:\/\/juxtare.store\/it\/wp-json\/wp\/v2\/media?parent=104135"}],"wp:term":[{"taxonomy":"product_brand","embeddable":true,"href":"https:\/\/juxtare.store\/it\/wp-json\/wp\/v2\/product_brand?post=104135"},{"taxonomy":"product_cat","embeddable":true,"href":"https:\/\/juxtare.store\/it\/wp-json\/wp\/v2\/product_cat?post=104135"},{"taxonomy":"product_tag","embeddable":true,"href":"https:\/\/juxtare.store\/it\/wp-json\/wp\/v2\/product_tag?post=104135"}],"curies":[{"name":"wp","href":"https:\/\/api.w.org\/{rel}","templated":true}]}}