{"id":104054,"date":"2026-02-06T12:32:16","date_gmt":"2026-02-06T11:32:16","guid":{"rendered":"https:\/\/localhost\/?post_type=product&#038;p=104054"},"modified":"2026-02-06T12:32:16","modified_gmt":"2026-02-06T11:32:16","slug":"nike-jr-mercurial-vapor-16-club-tf-fq8291-003","status":"publish","type":"product","link":"https:\/\/juxtare.store\/it\/prodotto\/nike-jr-mercurial-vapor-16-club-tf-fq8291-003\/","title":{"rendered":"Nike jr. mercurial vapor 16 club tf fq8291-003"},"content":{"rendered":"<p>Nike jr. mercurial vapor 16 clubscarpa da calcio a taglio basso tf \u2013 bambino\/ache inizino a tirare i primi calci al pallone o che giochino solo per divertirsi, con la scarpa club potranno dare sempre il massimo in campo, senza rinunciare alla qualit\u00e0. nike jr. vapor 16 pu\u00f2 aiutarli a mettere in mostra tutta la loro velocit\u00e0 e mandare la palla in rete. e non solo: non c&#039;\u00e8 bisogno di allacciarla! la fascetta con chiusura a strappo sulla tomaia offre una calzata stabile. \u00c8 ora di sfrecciare in campo! morbida al tattola tomaia in pelle sintetica presenta piccoli dettagli testurizzati che offrono aderenza per un controllo di palla migliore durante i dribbling ad alta velocit\u00e0.trazione velocesuola in gomma resistente per una trazione maggiore su superfici in erba sintetica.fit praticola fodera confortevole avvolge il piede per una calzata naturale e aderente. more detailsideale su superfici sintetiche pi\u00f9 cortesuola interna ammortizzata<\/p>\n","protected":false},"excerpt":{"rendered":"<p>Nike jr. mercurial vapor 16 clubscarpa da calcio a taglio basso tf \u2013 bambino\/ache inizino a tirare i primi calci al pallone o che giochino solo per divertirsi, con la scarpa club potranno dare sempre il massimo in campo, senza rinunciare alla qualit\u00e0. nike jr. vapor 16 pu\u00f2 aiutarli a mettere in mostra tutta la loro velocit\u00e0 e mandare la palla in rete. e non solo: non c&#039;\u00e8 bisogno di allacciarla! la fascetta con chiusura a strappo sulla tomaia offre una calzata stabile. \u00c8 ora di sfrecciare in campo! morbida al tattola tomaia in pelle sintetica presenta piccoli dettagli testurizzati che offrono aderenza per un controllo di palla migliore durante i dribbling ad alta velocit\u00e0.trazione velocesuola in gomma resistente per una trazione maggiore su superfici in erba sintetica.fit praticola fodera confortevole avvolge il piede per una calzata naturale e aderente. more detailsideale su superfici sintetiche pi\u00f9 cortesuola interna ammortizzata<\/p>\n","protected":false},"featured_media":104050,"comment_status":"open","ping_status":"closed","template":"","meta":[],"product_brand":[],"product_cat":[78,615],"product_tag":[],"class_list":{"0":"post-104054","1":"product","2":"type-product","3":"status-publish","4":"has-post-thumbnail","6":"product_cat-sport","7":"product_cat-football-shoes","10":"first","11":"instock","12":"shipping-taxable","13":"purchasable","14":"product-type-variable"},"_links":{"self":[{"href":"https:\/\/juxtare.store\/it\/wp-json\/wp\/v2\/product\/104054","targetHints":{"allow":["GET"]}}],"collection":[{"href":"https:\/\/juxtare.store\/it\/wp-json\/wp\/v2\/product"}],"about":[{"href":"https:\/\/juxtare.store\/it\/wp-json\/wp\/v2\/types\/product"}],"replies":[{"embeddable":true,"href":"https:\/\/juxtare.store\/it\/wp-json\/wp\/v2\/comments?post=104054"}],"wp:featuredmedia":[{"embeddable":true,"href":"https:\/\/juxtare.store\/it\/wp-json\/wp\/v2\/media\/104050"}],"wp:attachment":[{"href":"https:\/\/juxtare.store\/it\/wp-json\/wp\/v2\/media?parent=104054"}],"wp:term":[{"taxonomy":"product_brand","embeddable":true,"href":"https:\/\/juxtare.store\/it\/wp-json\/wp\/v2\/product_brand?post=104054"},{"taxonomy":"product_cat","embeddable":true,"href":"https:\/\/juxtare.store\/it\/wp-json\/wp\/v2\/product_cat?post=104054"},{"taxonomy":"product_tag","embeddable":true,"href":"https:\/\/juxtare.store\/it\/wp-json\/wp\/v2\/product_tag?post=104054"}],"curies":[{"name":"wp","href":"https:\/\/api.w.org\/{rel}","templated":true}]}}