{"id":103968,"date":"2026-02-06T12:32:17","date_gmt":"2026-02-06T11:32:17","guid":{"rendered":"https:\/\/localhost\/?post_type=product&#038;p=103968"},"modified":"2026-02-06T12:32:17","modified_gmt":"2026-02-06T11:32:17","slug":"nike-jr-mercurial-superfly-10-academy-mg-fq8304-001","status":"publish","type":"product","link":"https:\/\/juxtare.store\/it\/prodotto\/nike-jr-mercurial-superfly-10-academy-mg-fq8304-001\/","title":{"rendered":"Nike jr. mercurial superfly 10 academy mg fq8304-001"},"content":{"rendered":"<p>Nike jr. mercurial superfly 10 academyscarpa da calcio a taglio alto mg \u2013 bambino\/a e ragazzo\/avuoi migliorare la tua velocit\u00e0? abbiamo realizzato questa scarpa academy con un&#039;unit\u00e0 air zoom migliorata nel tallone per offrirti la sensazione propulsiva necessaria per superare qualsiasi retrovia. il risultato \u00e8 la mercurial pi\u00f9 reattiva mai realizzata, per darti la possibilit\u00e0 di mettere in mostra la tua velocit\u00e0 e mettere la palla in rete. tocco miglioratola tomaia \u00e8 realizzata in nikeskin con motivo a v integrato per un controllo di palla ideale e un&#039;autentica sensazione barefoot.trazione velocela struttura di trazione con motivo a onde \u00e8 formata da una serie di tacchetti a cascata, che coinvolge una superficie maggiore dell&#039;unit\u00e0 air zoom per un&#039;aderenza sempre ideale.fit aderentelinguette e fascetta si uniscono in un design che elimina la necessit\u00e0 dei lacci per scendere in campo in un lampo. abbiamo aggiornato il mesh elasticizzato rispetto alla generazione precedente con una maglia adattabile che offre flessibilit\u00e0, supporto e avvicina il piede al pallone. il collare dynamic fit avvolge la caviglia in un morbido tessuto elasticizzato per una calzata stabile. more detailsideale su superfici naturali e sintetichesuola interna ammortizzata<\/p>\n","protected":false},"excerpt":{"rendered":"<p>Nike jr. mercurial superfly 10 academyscarpa da calcio a taglio alto mg \u2013 bambino\/a e ragazzo\/avuoi migliorare la tua velocit\u00e0? abbiamo realizzato questa scarpa academy con un&#039;unit\u00e0 air zoom migliorata nel tallone per offrirti la sensazione propulsiva necessaria per superare qualsiasi retrovia. il risultato \u00e8 la mercurial pi\u00f9 reattiva mai realizzata, per darti la possibilit\u00e0 di mettere in mostra la tua velocit\u00e0 e mettere la palla in rete. tocco miglioratola tomaia \u00e8 realizzata in nikeskin con motivo a v integrato per un controllo di palla ideale e un&#039;autentica sensazione barefoot.trazione velocela struttura di trazione con motivo a onde \u00e8 formata da una serie di tacchetti a cascata, che coinvolge una superficie maggiore dell&#039;unit\u00e0 air zoom per un&#039;aderenza sempre ideale.fit aderentelinguette e fascetta si uniscono in un design che elimina la necessit\u00e0 dei lacci per scendere in campo in un lampo. abbiamo aggiornato il mesh elasticizzato rispetto alla generazione precedente con una maglia adattabile che offre flessibilit\u00e0, supporto e avvicina il piede al pallone. il collare dynamic fit avvolge la caviglia in un morbido tessuto elasticizzato per una calzata stabile. more detailsideale su superfici naturali e sintetichesuola interna ammortizzata<\/p>\n","protected":false},"featured_media":103964,"comment_status":"open","ping_status":"closed","template":"","meta":[],"product_brand":[],"product_cat":[78,615],"product_tag":[],"class_list":{"0":"post-103968","1":"product","2":"type-product","3":"status-publish","4":"has-post-thumbnail","6":"product_cat-sport","7":"product_cat-football-shoes","10":"first","11":"instock","12":"shipping-taxable","13":"purchasable","14":"product-type-variable"},"_links":{"self":[{"href":"https:\/\/juxtare.store\/it\/wp-json\/wp\/v2\/product\/103968","targetHints":{"allow":["GET"]}}],"collection":[{"href":"https:\/\/juxtare.store\/it\/wp-json\/wp\/v2\/product"}],"about":[{"href":"https:\/\/juxtare.store\/it\/wp-json\/wp\/v2\/types\/product"}],"replies":[{"embeddable":true,"href":"https:\/\/juxtare.store\/it\/wp-json\/wp\/v2\/comments?post=103968"}],"wp:featuredmedia":[{"embeddable":true,"href":"https:\/\/juxtare.store\/it\/wp-json\/wp\/v2\/media\/103964"}],"wp:attachment":[{"href":"https:\/\/juxtare.store\/it\/wp-json\/wp\/v2\/media?parent=103968"}],"wp:term":[{"taxonomy":"product_brand","embeddable":true,"href":"https:\/\/juxtare.store\/it\/wp-json\/wp\/v2\/product_brand?post=103968"},{"taxonomy":"product_cat","embeddable":true,"href":"https:\/\/juxtare.store\/it\/wp-json\/wp\/v2\/product_cat?post=103968"},{"taxonomy":"product_tag","embeddable":true,"href":"https:\/\/juxtare.store\/it\/wp-json\/wp\/v2\/product_tag?post=103968"}],"curies":[{"name":"wp","href":"https:\/\/api.w.org\/{rel}","templated":true}]}}