{"id":103789,"date":"2026-02-06T12:33:18","date_gmt":"2026-02-06T11:33:18","guid":{"rendered":"https:\/\/localhost\/?post_type=product&#038;p=103789"},"modified":"2026-02-06T12:33:18","modified_gmt":"2026-02-06T11:33:18","slug":"nike-mercurial-superfly-10-club-tf-fq8317-001","status":"publish","type":"product","link":"https:\/\/juxtare.store\/it\/prodotto\/nike-mercurial-superfly-10-club-tf-fq8317-001\/","title":{"rendered":"Nike mercurial superfly 10 club tf fq8317-001"},"content":{"rendered":"<p>Nike mercurial superfly 10 clubscarpa da calcio a taglio alto tfse sei agli inizi o giochi solo per divertirti, la scarpa club ti permette di dare il massimo in campo senza rinunciare alla qualit\u00e0. superfly 10 \u00e8 progettata per la velocit\u00e0. velocit\u00e0, tocco e comfort in un&#039;unica scarpa? \u00c8 il momento di fare goal con i tuoi obiettivi. tocco perfettola tomaia sintetica e sagomata presenta un motivo testurizzato per un migliore controllo di palla durante i dribbling ad alta velocit\u00e0.trazione e affidabilit\u00e0il battistrada in gomma offre un&#039;ottima trazione sulle superfici in erba sintetica.fit sicurola calzata di superfly 9 \u00e8 la stessa. il risultato \u00e8 un design che si adatta alla forma del piede. lo abbiamo ottenuto svolgendo diversi test su centinaia di atleti. il risultato \u00e8 una punta pi\u00f9 sagomata e un maggiore supporto sul tallone. il collare dynamic fit avvolge la caviglia in un morbido tessuto elasticizzato per una calzata stabile. more detailsideale su superfici sintetiche pi\u00f9 cortesuola interna ammortizzata<\/p>\n","protected":false},"excerpt":{"rendered":"<p>Nike mercurial superfly 10 clubscarpa da calcio a taglio alto tfse sei agli inizi o giochi solo per divertirti, la scarpa club ti permette di dare il massimo in campo senza rinunciare alla qualit\u00e0. superfly 10 \u00e8 progettata per la velocit\u00e0. velocit\u00e0, tocco e comfort in un&#039;unica scarpa? \u00c8 il momento di fare goal con i tuoi obiettivi. tocco perfettola tomaia sintetica e sagomata presenta un motivo testurizzato per un migliore controllo di palla durante i dribbling ad alta velocit\u00e0.trazione e affidabilit\u00e0il battistrada in gomma offre un&#039;ottima trazione sulle superfici in erba sintetica.fit sicurola calzata di superfly 9 \u00e8 la stessa. il risultato \u00e8 un design che si adatta alla forma del piede. lo abbiamo ottenuto svolgendo diversi test su centinaia di atleti. il risultato \u00e8 una punta pi\u00f9 sagomata e un maggiore supporto sul tallone. il collare dynamic fit avvolge la caviglia in un morbido tessuto elasticizzato per una calzata stabile. more detailsideale su superfici sintetiche pi\u00f9 cortesuola interna ammortizzata<\/p>\n","protected":false},"featured_media":103784,"comment_status":"open","ping_status":"closed","template":"","meta":[],"product_brand":[],"product_cat":[78,615],"product_tag":[],"class_list":{"0":"post-103789","1":"product","2":"type-product","3":"status-publish","4":"has-post-thumbnail","6":"product_cat-sport","7":"product_cat-football-shoes","10":"first","11":"instock","12":"shipping-taxable","13":"purchasable","14":"product-type-variable"},"_links":{"self":[{"href":"https:\/\/juxtare.store\/it\/wp-json\/wp\/v2\/product\/103789","targetHints":{"allow":["GET"]}}],"collection":[{"href":"https:\/\/juxtare.store\/it\/wp-json\/wp\/v2\/product"}],"about":[{"href":"https:\/\/juxtare.store\/it\/wp-json\/wp\/v2\/types\/product"}],"replies":[{"embeddable":true,"href":"https:\/\/juxtare.store\/it\/wp-json\/wp\/v2\/comments?post=103789"}],"wp:featuredmedia":[{"embeddable":true,"href":"https:\/\/juxtare.store\/it\/wp-json\/wp\/v2\/media\/103784"}],"wp:attachment":[{"href":"https:\/\/juxtare.store\/it\/wp-json\/wp\/v2\/media?parent=103789"}],"wp:term":[{"taxonomy":"product_brand","embeddable":true,"href":"https:\/\/juxtare.store\/it\/wp-json\/wp\/v2\/product_brand?post=103789"},{"taxonomy":"product_cat","embeddable":true,"href":"https:\/\/juxtare.store\/it\/wp-json\/wp\/v2\/product_cat?post=103789"},{"taxonomy":"product_tag","embeddable":true,"href":"https:\/\/juxtare.store\/it\/wp-json\/wp\/v2\/product_tag?post=103789"}],"curies":[{"name":"wp","href":"https:\/\/api.w.org\/{rel}","templated":true}]}}