{"id":103351,"date":"2026-02-06T12:34:17","date_gmt":"2026-02-06T11:34:17","guid":{"rendered":"https:\/\/localhost\/?post_type=product&#038;p=103351"},"modified":"2026-02-06T12:34:17","modified_gmt":"2026-02-06T11:34:17","slug":"nike-tiempo-legend-10-academy-dv4342-402","status":"publish","type":"product","link":"https:\/\/juxtare.store\/it\/prodotto\/nike-tiempo-legend-10-academy-dv4342-402\/","title":{"rendered":"Nike tiempo legend 10 academy dv4342-402"},"content":{"rendered":"<p>Anche le leggende si evolvono. pensata per portare il tuo gioco a un livello superiore, l&#039;ultima versione di questa scarpa academy \u00e8 realizzata nella nuovissima pelle tecnica flytouch lite. pi\u00f9 morbida della pelle naturale, si adatta al piede senza deformarsi per dettare il ritmo del gioco. pi\u00f9 leggera ed elegante di qualsiasi altra tiempo realizzata fino a oggi, legend 10 si adatta a qualsiasi posizione in campo, per un passaggio filtrante in difesa o per fermare un contropiede<\/p>\n","protected":false},"excerpt":{"rendered":"<p>Anche le leggende si evolvono. pensata per portare il tuo gioco a un livello superiore, l&#039;ultima versione di questa scarpa academy \u00e8 realizzata nella nuovissima pelle tecnica flytouch lite. pi\u00f9 morbida della pelle naturale, si adatta al piede senza deformarsi per dettare il ritmo del gioco. pi\u00f9 leggera ed elegante di qualsiasi altra tiempo realizzata fino a oggi, legend 10 si adatta a qualsiasi posizione in campo, per un passaggio filtrante in difesa o per fermare un contropiede<\/p>\n","protected":false},"featured_media":103346,"comment_status":"open","ping_status":"closed","template":"","meta":[],"product_brand":[],"product_cat":[78,615],"product_tag":[],"class_list":{"0":"post-103351","1":"product","2":"type-product","3":"status-publish","4":"has-post-thumbnail","6":"product_cat-sport","7":"product_cat-football-shoes","10":"first","11":"instock","12":"shipping-taxable","13":"purchasable","14":"product-type-variable"},"_links":{"self":[{"href":"https:\/\/juxtare.store\/it\/wp-json\/wp\/v2\/product\/103351","targetHints":{"allow":["GET"]}}],"collection":[{"href":"https:\/\/juxtare.store\/it\/wp-json\/wp\/v2\/product"}],"about":[{"href":"https:\/\/juxtare.store\/it\/wp-json\/wp\/v2\/types\/product"}],"replies":[{"embeddable":true,"href":"https:\/\/juxtare.store\/it\/wp-json\/wp\/v2\/comments?post=103351"}],"wp:featuredmedia":[{"embeddable":true,"href":"https:\/\/juxtare.store\/it\/wp-json\/wp\/v2\/media\/103346"}],"wp:attachment":[{"href":"https:\/\/juxtare.store\/it\/wp-json\/wp\/v2\/media?parent=103351"}],"wp:term":[{"taxonomy":"product_brand","embeddable":true,"href":"https:\/\/juxtare.store\/it\/wp-json\/wp\/v2\/product_brand?post=103351"},{"taxonomy":"product_cat","embeddable":true,"href":"https:\/\/juxtare.store\/it\/wp-json\/wp\/v2\/product_cat?post=103351"},{"taxonomy":"product_tag","embeddable":true,"href":"https:\/\/juxtare.store\/it\/wp-json\/wp\/v2\/product_tag?post=103351"}],"curies":[{"name":"wp","href":"https:\/\/api.w.org\/{rel}","templated":true}]}}