{"id":102397,"date":"2026-02-06T12:35:10","date_gmt":"2026-02-06T11:35:10","guid":{"rendered":"https:\/\/localhost\/?post_type=product&#038;p=102397"},"modified":"2026-02-06T12:35:10","modified_gmt":"2026-02-06T11:35:10","slug":"nike-mercurial-vapor-16-academy-fq1458-600","status":"publish","type":"product","link":"https:\/\/juxtare.store\/it\/prodotto\/nike-mercurial-vapor-16-academy-fq1458-600\/","title":{"rendered":"Nike mercurial vapor 16 academy fq1458-600"},"content":{"rendered":"<p>Vuoi portare la tua velocit\u00e0 a un livello superiore? abbiamo realizzato queste scarpe academy con un&#039;unit\u00e0 air zoom migliorata nel tallone. ti offre la sensazione propulsiva necessaria per sfondare la linea difensiva. il risultato \u00e8 la mercurial pi\u00f9 reattiva che abbiamo mai realizzato, cos\u00ec puoi dettare ritmo e ritmo per tutta la partita.<\/p>\n","protected":false},"excerpt":{"rendered":"<p>Vuoi portare la tua velocit\u00e0 a un livello superiore? abbiamo realizzato queste scarpe academy con un&#039;unit\u00e0 air zoom migliorata nel tallone. ti offre la sensazione propulsiva necessaria per sfondare la linea difensiva. il risultato \u00e8 la mercurial pi\u00f9 reattiva che abbiamo mai realizzato, cos\u00ec puoi dettare ritmo e ritmo per tutta la partita.<\/p>\n","protected":false},"featured_media":102391,"comment_status":"open","ping_status":"closed","template":"","meta":[],"product_brand":[],"product_cat":[78,615],"product_tag":[],"class_list":{"0":"post-102397","1":"product","2":"type-product","3":"status-publish","4":"has-post-thumbnail","6":"product_cat-sport","7":"product_cat-football-shoes","10":"first","11":"instock","12":"shipping-taxable","13":"purchasable","14":"product-type-variable"},"_links":{"self":[{"href":"https:\/\/juxtare.store\/it\/wp-json\/wp\/v2\/product\/102397","targetHints":{"allow":["GET"]}}],"collection":[{"href":"https:\/\/juxtare.store\/it\/wp-json\/wp\/v2\/product"}],"about":[{"href":"https:\/\/juxtare.store\/it\/wp-json\/wp\/v2\/types\/product"}],"replies":[{"embeddable":true,"href":"https:\/\/juxtare.store\/it\/wp-json\/wp\/v2\/comments?post=102397"}],"wp:featuredmedia":[{"embeddable":true,"href":"https:\/\/juxtare.store\/it\/wp-json\/wp\/v2\/media\/102391"}],"wp:attachment":[{"href":"https:\/\/juxtare.store\/it\/wp-json\/wp\/v2\/media?parent=102397"}],"wp:term":[{"taxonomy":"product_brand","embeddable":true,"href":"https:\/\/juxtare.store\/it\/wp-json\/wp\/v2\/product_brand?post=102397"},{"taxonomy":"product_cat","embeddable":true,"href":"https:\/\/juxtare.store\/it\/wp-json\/wp\/v2\/product_cat?post=102397"},{"taxonomy":"product_tag","embeddable":true,"href":"https:\/\/juxtare.store\/it\/wp-json\/wp\/v2\/product_tag?post=102397"}],"curies":[{"name":"wp","href":"https:\/\/api.w.org\/{rel}","templated":true}]}}